{"id":11,"date":"2017-03-05T18:52:22","date_gmt":"2017-03-05T18:52:22","guid":{"rendered":"http:\/\/domoservic.es\/?page_id=11"},"modified":"2017-04-28T05:12:14","modified_gmt":"2017-04-28T05:12:14","slug":"mision","status":"publish","type":"page","link":"https:\/\/domoservic.es\/?page_id=11","title":{"rendered":"Misi\u00f3n"},"content":{"rendered":"<h1><\/h1>\n<p>DOMOSERVIC, S.L.\u00a0facilita soluciones a la medida de nuestros clientes con el fin de minimizar, en lo posible, los perjuicios ocasionados por alguna aver\u00eda o cualquier otro contratiempo.<\/p>\n<blockquote><p>C\u00d3MO ACT\u00daA:<\/p><\/blockquote>\n<p>&#8211; LE ATENDEMOS.<br \/>\n&#8211; LE ESCUCHAMOS.<br \/>\n&#8211; LE OFRECEMOS SOLUCIONES CONTRASTADAS Y DE CALIDAD EN EL MENOR TIEMPO POSIBLE.<\/p>\n<blockquote><p>QU\u00c9 OFRECE:<\/p><\/blockquote>\n<p>&#8211; LA INTEGRACI\u00d3N DE MULTISERVICIOS.<br \/>\n&#8211; UN EQUIPO DE PROFESIONALES EXPERTOS EN LAS AREAS REFERENCIADAS.<br \/>\n&#8211; MEDIOS T\u00c9CNICOS CAPACES DE GARANTIZAR LA REALIZACI\u00d3N DE LAS TAREAS DESCRITAS CON EFICACIA Y \u00a0\u00a0\u00a0\u00a0GARANT\u00cdA.<br \/>\n&#8211; RESPUESTA INMEDIATA A SUS NECESIDADES.<br \/>\n&#8211; MAQUINARIA PARA DESATRANQUES Y CAMARA PARA INSPECCION TUBERIAS.<br \/>\n&#8211; LOCALIZADOR DE FUGAS EN TUBERIAS DE DISTRIBUCION.<br \/>\n&#8211; SERVICIO DE URGENCIA 24 HORAS.<br \/>\n&#8211; FONTANERIA<br \/>\n&#8211; ELECTRICIDAD<br \/>\n&#8211; CERRAJERIA<\/p>\n<p>&nbsp;<\/p>\n<p>&nbsp;<\/p>\n","protected":false},"excerpt":{"rendered":"<p class=\"qua-blog-post-description\">DOMOSERVIC, S.L.\u00a0facilita soluciones a la medida de nuestros clientes con el fin de minimizar, en lo posible, los perjuicios ocasionados por alguna aver\u00eda o cualquier otro contratiempo. C\u00d3MO ACT\u00daA: &#8211; LE ATENDEMOS. &#8211; LE ESCUCHAMOS. &#8211; LE OFRECEMOS SOLUCIONES CONTRASTADAS Y DE CALIDAD EN EL MENOR TIEMPO POSIBLE. QU\u00c9 OFRECE: &#8211; LA INTEGRACI\u00d3N DE MULTISERVICIOS. [&hellip;]<\/p>\n","protected":false},"author":1,"featured_media":0,"parent":9,"menu_order":1,"comment_status":"closed","ping_status":"closed","template":"","meta":[],"_links":{"self":[{"href":"https:\/\/domoservic.es\/index.php?rest_route=\/wp\/v2\/pages\/11"}],"collection":[{"href":"https:\/\/domoservic.es\/index.php?rest_route=\/wp\/v2\/pages"}],"about":[{"href":"https:\/\/domoservic.es\/index.php?rest_route=\/wp\/v2\/types\/page"}],"author":[{"embeddable":true,"href":"https:\/\/domoservic.es\/index.php?rest_route=\/wp\/v2\/users\/1"}],"replies":[{"embeddable":true,"href":"https:\/\/domoservic.es\/index.php?rest_route=%2Fwp%2Fv2%2Fcomments&post=11"}],"version-history":[{"count":5,"href":"https:\/\/domoservic.es\/index.php?rest_route=\/wp\/v2\/pages\/11\/revisions"}],"predecessor-version":[{"id":320,"href":"https:\/\/domoservic.es\/index.php?rest_route=\/wp\/v2\/pages\/11\/revisions\/320"}],"up":[{"embeddable":true,"href":"https:\/\/domoservic.es\/index.php?rest_route=\/wp\/v2\/pages\/9"}],"wp:attachment":[{"href":"https:\/\/domoservic.es\/index.php?rest_route=%2Fwp%2Fv2%2Fmedia&parent=11"}],"curies":[{"name":"wp","href":"https:\/\/api.w.org\/{rel}","templated":true}]}}