{"id":194,"date":"2017-03-16T11:14:29","date_gmt":"2017-03-16T11:14:29","guid":{"rendered":"http:\/\/domoservic.es\/?page_id=194"},"modified":"2017-03-16T11:14:29","modified_gmt":"2017-03-16T11:14:29","slug":"proteccion-de-datos","status":"publish","type":"page","link":"https:\/\/domoservic.es\/?page_id=194","title":{"rendered":"Protecci\u00f3n de datos"},"content":{"rendered":"<div align=\"justify\">L.O.P.D 15\/1999: DOMOSERVIC SL le informa que sus datos personales que usted nos ha facilitado de forma voluntaria, son veraces, y van a ser incorporados al fichero CLIENTES La finalidad de este es gestionar los servicios o productos que le prestamos o nos demanda mediante la p\u00e1gina web. Sus datos personales no ser\u00e1n cedidos a ning\u00fan tipo de organizaci\u00f3n, ni p\u00fablica ni privada, salvo a los que por razones de obligaciones legales y para la prestaci\u00f3n de los servicios contratados, as\u00ed haya que hacerlo.<\/p>\n<p>Los afectados podr\u00e1n ejercitar los derechos de acceso, rectificaci\u00f3n, cancelaci\u00f3n y oposici\u00f3n, frente al Responsable del Fichero en nuestra direcci\u00f3n \u00a0Pol\u00edgono Industrial\u00a0Los Jaranes &#8211; Mina Mexicana Nave 14 &#8211;\u00a023700\u00a0Linares\u00a0(Ja\u00e9n) \/ E-mail:\u00a0<a class=\" link\" href=\"mailto:info@domoservic.es\">info@domoservic.es<\/a><\/div>\n<div align=\"justify\">\nAutorizo a recibir Publicidad por parte de DOMOSERVIC SL v\u00eda e-mail.<\/p>\n<p>A estos efectos, DOMOSERVIC SL se compromete a NO REMITIR COMUNICACIONES COMERCIALES SIN IDENTIFICARLAS COMO TALES, conforme a lo dispuesto en la Ley 34\/2002 de Servicios de la Sociedad de la Informaci\u00f3n y de Comercio Electr\u00f3nico. No ser\u00e1 considerado como comunicaci\u00f3n comercial toda la informaci\u00f3n que se env\u00ede al Usuario del portal de DOMOSERVIC SL siempre que tenga por finalidad el mantenimiento de la relaci\u00f3n contractual existente entre cliente y DOMOSERVIC SL, as\u00ed como el desempe\u00f1o de las tareas de informaci\u00f3n, formaci\u00f3n y otras actividades propias del servicio que el cliente tiene contratado con la empresa.<\/p>\n<p>DOMOSERVIC SL,se compromete a trav\u00e9s de este medio a NO REALIZAR PUBLICIDAD ENGA\u00d1OSA. A estos efectos, por lo tanto, no ser\u00e1n considerados como publicidad enga\u00f1osa los errores formales o num\u00e9ricos que puedan encontrarse a lo largo del contenido de las distintas secciones de la web de DOMOSERVIC SL, producidos como consecuencia de un mantenimiento y\/o actualizaci\u00f3n incompleta o defectuosa de la informaci\u00f3n contenida es estas secciones. DOMOSERVIC SL, como consecuencia de lo dispuesto en este apartado, se compromete a corregirlo tan pronto como tenga conocimiento de dichos errores.<\/p><\/div>\n","protected":false},"excerpt":{"rendered":"<p class=\"qua-blog-post-description\">L.O.P.D 15\/1999: DOMOSERVIC SL le informa que sus datos personales que usted nos ha facilitado de forma voluntaria, son veraces, y van a ser incorporados al fichero CLIENTES La finalidad de este es gestionar los servicios o productos que le prestamos o nos demanda mediante la p\u00e1gina web. Sus datos personales no ser\u00e1n cedidos a [&hellip;]<\/p>\n","protected":false},"author":1,"featured_media":0,"parent":0,"menu_order":11,"comment_status":"closed","ping_status":"closed","template":"","meta":[],"_links":{"self":[{"href":"https:\/\/domoservic.es\/index.php?rest_route=\/wp\/v2\/pages\/194"}],"collection":[{"href":"https:\/\/domoservic.es\/index.php?rest_route=\/wp\/v2\/pages"}],"about":[{"href":"https:\/\/domoservic.es\/index.php?rest_route=\/wp\/v2\/types\/page"}],"author":[{"embeddable":true,"href":"https:\/\/domoservic.es\/index.php?rest_route=\/wp\/v2\/users\/1"}],"replies":[{"embeddable":true,"href":"https:\/\/domoservic.es\/index.php?rest_route=%2Fwp%2Fv2%2Fcomments&post=194"}],"version-history":[{"count":1,"href":"https:\/\/domoservic.es\/index.php?rest_route=\/wp\/v2\/pages\/194\/revisions"}],"predecessor-version":[{"id":195,"href":"https:\/\/domoservic.es\/index.php?rest_route=\/wp\/v2\/pages\/194\/revisions\/195"}],"wp:attachment":[{"href":"https:\/\/domoservic.es\/index.php?rest_route=%2Fwp%2Fv2%2Fmedia&parent=194"}],"curies":[{"name":"wp","href":"https:\/\/api.w.org\/{rel}","templated":true}]}}