{"id":24,"date":"2017-03-05T18:55:43","date_gmt":"2017-03-05T18:55:43","guid":{"rendered":"http:\/\/domoservic.es\/?page_id=24"},"modified":"2017-05-16T08:55:06","modified_gmt":"2017-05-16T08:55:06","slug":"oficinas","status":"publish","type":"page","link":"https:\/\/domoservic.es\/?page_id=24","title":{"rendered":"Oficinas"},"content":{"rendered":"<h1><\/h1>\n<p><img loading=\"lazy\" class=\"alignleft wp-image-312\" src=\"https:\/\/domoservic.es\/wp-content\/uploads\/2017\/03\/oficina-1024x683.jpg\" alt=\"\" width=\"491\" height=\"327\" srcset=\"https:\/\/domoservic.es\/wp-content\/uploads\/2017\/03\/oficina-1024x683.jpg 1024w, https:\/\/domoservic.es\/wp-content\/uploads\/2017\/03\/oficina-300x200.jpg 300w, https:\/\/domoservic.es\/wp-content\/uploads\/2017\/03\/oficina-768x512.jpg 768w\" sizes=\"(max-width: 491px) 100vw, 491px\" \/>D\u00f3nde la gesti\u00f3n de todas nuestras actuaciones es atendida desde\u00a0un principio de forma telem\u00e1tica por nuestro personal, asistido por software de\u00a0gesti\u00f3n de siniestros especializado que permite una completa gesti\u00f3n del mismo\u00a0(asegurado, perjudicados, peritos, fotograf\u00edas), as\u00ed como del hist\u00f3rico de\u00a0actuaciones para un completo seguimiento del expediente, siendo todo ello\u00a0adem\u00e1s compatible con la mayor\u00eda de protocolos de comunicaci\u00f3n de siniestros\u00a0de las principales compa\u00f1\u00edas aseguradoras (MAPFRE, PAP CASER, PELAYO,\u00a0ASITUR, etc.), con gesti\u00f3n integrada de las comunicaciones v\u00eda SMS, email,\u00a0etc., que se producen con ocasi\u00f3n del desarrollo de cada siniestro.<\/p>\n<p>&nbsp;<\/p>\n<p><span class=\"image-block caption-over-image\"><img loading=\"lazy\" id=\"mce-31569\" class=\"aligncenter\" src=\"https:\/\/domoservic.es\/wp-content\/uploads\/2017\/03\/OFICINA.jpg\" alt=\"\" width=\"800\" height=\"287\" \/><\/span><\/p>\n","protected":false},"excerpt":{"rendered":"<p class=\"qua-blog-post-description\">D\u00f3nde la gesti\u00f3n de todas nuestras actuaciones es atendida desde\u00a0un principio de forma telem\u00e1tica por nuestro personal, asistido por software de\u00a0gesti\u00f3n de siniestros especializado que permite una completa gesti\u00f3n del mismo\u00a0(asegurado, perjudicados, peritos, fotograf\u00edas), as\u00ed como del hist\u00f3rico de\u00a0actuaciones para un completo seguimiento del expediente, siendo todo ello\u00a0adem\u00e1s compatible con la mayor\u00eda de protocolos de [&hellip;]<\/p>\n","protected":false},"author":1,"featured_media":0,"parent":18,"menu_order":3,"comment_status":"closed","ping_status":"closed","template":"","meta":[],"_links":{"self":[{"href":"https:\/\/domoservic.es\/index.php?rest_route=\/wp\/v2\/pages\/24"}],"collection":[{"href":"https:\/\/domoservic.es\/index.php?rest_route=\/wp\/v2\/pages"}],"about":[{"href":"https:\/\/domoservic.es\/index.php?rest_route=\/wp\/v2\/types\/page"}],"author":[{"embeddable":true,"href":"https:\/\/domoservic.es\/index.php?rest_route=\/wp\/v2\/users\/1"}],"replies":[{"embeddable":true,"href":"https:\/\/domoservic.es\/index.php?rest_route=%2Fwp%2Fv2%2Fcomments&post=24"}],"version-history":[{"count":4,"href":"https:\/\/domoservic.es\/index.php?rest_route=\/wp\/v2\/pages\/24\/revisions"}],"predecessor-version":[{"id":401,"href":"https:\/\/domoservic.es\/index.php?rest_route=\/wp\/v2\/pages\/24\/revisions\/401"}],"up":[{"embeddable":true,"href":"https:\/\/domoservic.es\/index.php?rest_route=\/wp\/v2\/pages\/18"}],"wp:attachment":[{"href":"https:\/\/domoservic.es\/index.php?rest_route=%2Fwp%2Fv2%2Fmedia&parent=24"}],"curies":[{"name":"wp","href":"https:\/\/api.w.org\/{rel}","templated":true}]}}