{"id":28,"date":"2017-03-05T18:56:52","date_gmt":"2017-03-05T18:56:52","guid":{"rendered":"http:\/\/domoservic.es\/?page_id=28"},"modified":"2017-04-23T16:56:27","modified_gmt":"2017-04-23T16:56:27","slug":"siniestros-del-hogar","status":"publish","type":"page","link":"https:\/\/domoservic.es\/?page_id=28","title":{"rendered":"Siniestros del Hogar"},"content":{"rendered":"<p><img loading=\"lazy\" class=\"alignright size-medium wp-image-184\" src=\"https:\/\/domoservic.es\/wp-content\/uploads\/2017\/03\/servicio-fontaneria-300x300.jpg\" alt=\"\" width=\"300\" height=\"300\" srcset=\"https:\/\/domoservic.es\/wp-content\/uploads\/2017\/03\/servicio-fontaneria-300x300.jpg 300w, https:\/\/domoservic.es\/wp-content\/uploads\/2017\/03\/servicio-fontaneria-150x150.jpg 150w, https:\/\/domoservic.es\/wp-content\/uploads\/2017\/03\/servicio-fontaneria-768x768.jpg 768w, https:\/\/domoservic.es\/wp-content\/uploads\/2017\/03\/servicio-fontaneria-1024x1024.jpg 1024w, https:\/\/domoservic.es\/wp-content\/uploads\/2017\/03\/servicio-fontaneria.jpg 1285w\" sizes=\"(max-width: 300px) 100vw, 300px\" \/><\/p>\n<p>Disponemos de equipo de detecci\u00f3n de fugas, maquinaria para desatascos, flota de veh\u00edculos, servicio de urgencia 24h e instalaciones con oficina y almac\u00e9n de materiales.<\/p>\n","protected":false},"excerpt":{"rendered":"<p class=\"qua-blog-post-description\">Disponemos de equipo de detecci\u00f3n de fugas, maquinaria para desatascos, flota de veh\u00edculos, servicio de urgencia 24h e instalaciones con oficina y almac\u00e9n de materiales.<\/p>\n","protected":false},"author":1,"featured_media":0,"parent":26,"menu_order":1,"comment_status":"closed","ping_status":"closed","template":"","meta":[],"_links":{"self":[{"href":"https:\/\/domoservic.es\/index.php?rest_route=\/wp\/v2\/pages\/28"}],"collection":[{"href":"https:\/\/domoservic.es\/index.php?rest_route=\/wp\/v2\/pages"}],"about":[{"href":"https:\/\/domoservic.es\/index.php?rest_route=\/wp\/v2\/types\/page"}],"author":[{"embeddable":true,"href":"https:\/\/domoservic.es\/index.php?rest_route=\/wp\/v2\/users\/1"}],"replies":[{"embeddable":true,"href":"https:\/\/domoservic.es\/index.php?rest_route=%2Fwp%2Fv2%2Fcomments&post=28"}],"version-history":[{"count":3,"href":"https:\/\/domoservic.es\/index.php?rest_route=\/wp\/v2\/pages\/28\/revisions"}],"predecessor-version":[{"id":186,"href":"https:\/\/domoservic.es\/index.php?rest_route=\/wp\/v2\/pages\/28\/revisions\/186"}],"up":[{"embeddable":true,"href":"https:\/\/domoservic.es\/index.php?rest_route=\/wp\/v2\/pages\/26"}],"wp:attachment":[{"href":"https:\/\/domoservic.es\/index.php?rest_route=%2Fwp%2Fv2%2Fmedia&parent=28"}],"curies":[{"name":"wp","href":"https:\/\/api.w.org\/{rel}","templated":true}]}}