{"id":34,"date":"2017-03-05T18:58:44","date_gmt":"2017-03-05T18:58:44","guid":{"rendered":"http:\/\/domoservic.es\/?page_id=34"},"modified":"2019-02-14T10:01:49","modified_gmt":"2019-02-14T10:01:49","slug":"trabaja-con-nosotros","status":"publish","type":"page","link":"https:\/\/domoservic.es\/?page_id=34","title":{"rendered":"TRABAJA CON NOSOTROS"},"content":{"rendered":"<p>&nbsp;<\/p>\n<h2>OPORTUNIDAD PROFESIONAL AUT\u00d3NOMOS (Linares y comarca)<\/h2>\n<h3>FUNCIONES:<\/h3>\n<p>Seleccionamos fontaneros para Linares y su comarca. Empresa especializada en la gesti\u00f3n y reparaci\u00f3n\u00a0 de siniestros de grupos aseguradores de hogar, comercios, comunidades de vecinos y Pymes, busca\u00a0FONTANEROS\/ ALBA\u00d1ILES\/ PINTORES\/ CERRAJEROS\/ CARPINTEROS\/ ETC\u2026 \u00a0AUT\u00d3NOMOS,\u00a0para realizar reparaciones y atenci\u00f3n de urgencias.<br \/>\nCon dichos profesionales se establecer\u00e1 un contrato mercantil o de arrendamiento de\u00a0servicios.<\/p>\n<h3>REQUISITOS:<\/h3>\n<p>El perfil que seleccionamos como aut\u00f3nomo, ha de cumplir los siguientes requisitos:<\/p>\n<ul>\n<li>Experiencia demostrable en asistencia\u00a0 de reparaciones de siniestros.\u00a0Valorable\u00a0\u00a0experiencia en el sector, construcci\u00f3n o relacionado.<\/li>\n<li>Estar dado de alta en el registro de profesionales aut\u00f3nomos\u00a0o estar dispuesto\u00a0 a darse de alta.<\/li>\n<li>Estar en posesi\u00f3n de seguro de responsabilidad civil,\u00a0o dispuesto a contratarlo.<\/li>\n<li>Disponer de herramientas propias para desempe\u00f1ar el puesto.<\/li>\n<li>Carnet de conducir y veh\u00edculo propio.<\/li>\n<li>Disponer de PDA\/Smartphone\u00a0o estar dispuesto a adquirirlo.<\/li>\n<\/ul>\n<h3>SE OFRECE:<\/h3>\n<p>Contrato Mercantil o de Arrendamiento de servicios con nuestra empresa: El objeto del contrato consistir\u00e1 en la realizaci\u00f3n de reparaciones de siniestros. La retribuci\u00f3n ser\u00e1 variable en funci\u00f3n del n\u00famero de encargos realizados.<\/p>\n<h2>INTERESADOS:<\/h2>\n<p>Si lo deseas, puedes enviarnos tu curr\u00edculo vitae a trav\u00e9s de este formulario<br \/>\n<div role=\"form\" class=\"wpcf7\" id=\"wpcf7-f161-o1\" lang=\"es-ES\" dir=\"ltr\">\n<div class=\"screen-reader-response\"><p role=\"status\" aria-live=\"polite\" aria-atomic=\"true\"><\/p> <ul><\/ul><\/div>\n<form action=\"\/index.php?rest_route=%2Fwp%2Fv2%2Fpages%2F34#wpcf7-f161-o1\" method=\"post\" class=\"wpcf7-form init\" enctype=\"multipart\/form-data\" novalidate=\"novalidate\" data-status=\"init\">\n<div style=\"display: none;\">\n<input type=\"hidden\" name=\"_wpcf7\" value=\"161\" \/>\n<input type=\"hidden\" name=\"_wpcf7_version\" value=\"5.5.6.1\" \/>\n<input type=\"hidden\" name=\"_wpcf7_locale\" value=\"es_ES\" \/>\n<input type=\"hidden\" name=\"_wpcf7_unit_tag\" value=\"wpcf7-f161-o1\" \/>\n<input type=\"hidden\" name=\"_wpcf7_container_post\" value=\"0\" \/>\n<input type=\"hidden\" name=\"_wpcf7_posted_data_hash\" value=\"\" \/>\n<input type=\"hidden\" name=\"_wpcf7_recaptcha_response\" value=\"\" \/>\n<\/div>\n<p><label> Nombre (requerido)<br \/>\n    <span class=\"wpcf7-form-control-wrap your-name\"><input type=\"text\" name=\"your-name\" value=\"\" size=\"40\" class=\"wpcf7-form-control wpcf7-text wpcf7-validates-as-required\" aria-required=\"true\" aria-invalid=\"false\" \/><\/span> <\/label><\/p>\n<p><label> Tu correo electr\u00f3nico (requerido)<br \/>\n    <span class=\"wpcf7-form-control-wrap your-email\"><input type=\"email\" name=\"your-email\" value=\"\" size=\"40\" class=\"wpcf7-form-control wpcf7-text wpcf7-email wpcf7-validates-as-required wpcf7-validates-as-email\" aria-required=\"true\" aria-invalid=\"false\" \/><\/span> <\/label><\/p>\n<p><label> Adjuntar fichero (formatos admitidos: pdf, jpg, doc - Max. size: 2Mb)<br \/>\n<span class=\"wpcf7-form-control-wrap FICHERO\"><input type=\"file\" name=\"FICHERO\" size=\"40\" class=\"wpcf7-form-control wpcf7-file wpcf7-validates-as-required\" accept=\".pfd,.jpg,.doc\" aria-required=\"true\" aria-invalid=\"false\" \/><\/span><\/label><\/p>\n<p><input type=\"submit\" value=\"Enviar\" class=\"wpcf7-form-control has-spinner wpcf7-submit\" \/><\/p>\n<div class=\"wpcf7-response-output\" aria-hidden=\"true\"><\/div><\/form><\/div><\/p>\n<p>&nbsp;<\/p>\n","protected":false},"excerpt":{"rendered":"<p class=\"qua-blog-post-description\">&nbsp; OPORTUNIDAD PROFESIONAL AUT\u00d3NOMOS (Linares y comarca) FUNCIONES: Seleccionamos fontaneros para Linares y su comarca. Empresa especializada en la gesti\u00f3n y reparaci\u00f3n\u00a0 de siniestros de grupos aseguradores de hogar, comercios, comunidades de vecinos y Pymes, busca\u00a0FONTANEROS\/ ALBA\u00d1ILES\/ PINTORES\/ CERRAJEROS\/ CARPINTEROS\/ ETC\u2026 \u00a0AUT\u00d3NOMOS,\u00a0para realizar reparaciones y atenci\u00f3n de urgencias. Con dichos profesionales se establecer\u00e1 un contrato [&hellip;]<\/p>\n","protected":false},"author":1,"featured_media":0,"parent":0,"menu_order":4,"comment_status":"closed","ping_status":"closed","template":"","meta":[],"_links":{"self":[{"href":"https:\/\/domoservic.es\/index.php?rest_route=\/wp\/v2\/pages\/34"}],"collection":[{"href":"https:\/\/domoservic.es\/index.php?rest_route=\/wp\/v2\/pages"}],"about":[{"href":"https:\/\/domoservic.es\/index.php?rest_route=\/wp\/v2\/types\/page"}],"author":[{"embeddable":true,"href":"https:\/\/domoservic.es\/index.php?rest_route=\/wp\/v2\/users\/1"}],"replies":[{"embeddable":true,"href":"https:\/\/domoservic.es\/index.php?rest_route=%2Fwp%2Fv2%2Fcomments&post=34"}],"version-history":[{"count":6,"href":"https:\/\/domoservic.es\/index.php?rest_route=\/wp\/v2\/pages\/34\/revisions"}],"predecessor-version":[{"id":406,"href":"https:\/\/domoservic.es\/index.php?rest_route=\/wp\/v2\/pages\/34\/revisions\/406"}],"wp:attachment":[{"href":"https:\/\/domoservic.es\/index.php?rest_route=%2Fwp%2Fv2%2Fmedia&parent=34"}],"curies":[{"name":"wp","href":"https:\/\/api.w.org\/{rel}","templated":true}]}}